{"id":7194,"date":"2023-04-27T21:25:16","date_gmt":"2023-04-27T19:25:16","guid":{"rendered":"http:\/\/waarwiljewakkerworden.nl\/reisblog\/?page_id=7194"},"modified":"2025-11-18T16:15:38","modified_gmt":"2025-11-18T15:15:38","slug":"2019-7-italie","status":"publish","type":"page","link":"https:\/\/waarwiljewakkerworden.nl\/reisblog\/2019-7-italie\/","title":{"rendered":"2019 &#8211; 7: Itali\u00eb"},"content":{"rendered":"\n<p><strong>Weekblog&#8230;<\/strong><\/p>\n\n\n\n<p>Voor 2019, komt er per trip-deel een blog. Dus de heenreis, plek nummer \u00e9\u00e9n, twee en zo voorts. Grote stappen, t\u00f3ch het hele verhaal!<\/p>\n\n\n<div class=\"wp-block-image\">\n<figure class=\"aligncenter is-resized\"><img decoding=\"async\" width=\"799\" height=\"301\" src=\"http:\/\/waarwiljewakkerworden.nl\/reisblog\/files\/2017\/03\/IMG_2959small.jpg\" alt=\"\" class=\"wp-image-344\" style=\"width:788px;height:297px\" srcset=\"https:\/\/waarwiljewakkerworden.nl\/reisblog\/files\/2017\/03\/IMG_2959small.jpg 799w, https:\/\/waarwiljewakkerworden.nl\/reisblog\/files\/2017\/03\/IMG_2959small-300x113.jpg 300w, https:\/\/waarwiljewakkerworden.nl\/reisblog\/files\/2017\/03\/IMG_2959small-768x289.jpg 768w, https:\/\/waarwiljewakkerworden.nl\/reisblog\/files\/2017\/03\/IMG_2959small-676x255.jpg 676w\" sizes=\"(max-width: 799px) 100vw, 799px\" \/><\/figure>\n<\/div>\n\n\n<p><\/p>\n\n\n\n<p><strong>Dag 1 &#8211; Door Duitsland<\/strong><\/p>\n\n\n\n<p>De eerste dag stond in het teken van rijden.<\/p>\n\n\n\n<p>Eerst maar eens een grote rit maken, we stoppen aan het einde van de dag in Schulzberg, vlak voor de grens van Oostenrijk. Een dikke 700 kilometer van huis, veel Autobahn.  Dus zijn er uiteraard wegwerkzaamheden. Duitsers zijn gr\u00fcndlich, maar overdrijven is hier tot kunst verheven: altijd werk aan de weg hier! En opstoppingen zijn het gevolg, met weer als gevolg veel vertragingen. Met weer als gevolg dat het ons de hele dag kost om in Zuid-Duitsland te komen.<\/p>\n\n\n<div class=\"wp-block-image\">\n<figure class=\"aligncenter\"><img decoding=\"async\" width=\"800\" height=\"450\" src=\"http:\/\/waarwiljewakkerworden.nl\/reisblog\/files\/2019\/07\/P0005048.jpg\" alt=\"\" class=\"wp-image-4882\" srcset=\"https:\/\/waarwiljewakkerworden.nl\/reisblog\/files\/2019\/07\/P0005048.jpg 800w, https:\/\/waarwiljewakkerworden.nl\/reisblog\/files\/2019\/07\/P0005048-768x432.jpg 768w, https:\/\/waarwiljewakkerworden.nl\/reisblog\/files\/2019\/07\/P0005048-676x380.jpg 676w\" sizes=\"(max-width: 800px) 100vw, 800px\" \/><\/figure>\n<\/div>\n\n\n<p>Morgen Itali\u00eb, de bergen kunnen we al zien!<\/p>\n\n\n\n<p>Als voorbereiding hebben we vandaag vooral Zuchero over de geluidsinstallatie, perch\u00e9 noi andiamo a Italia!!<\/p>\n\n\n\n<p><\/p>\n\n\n\n<p><strong>Toscane, Montecatini<\/strong><\/p>\n\n\n\n<p>Rond 8 uur in de avond kwamen we aan, het was superduk op de wegen! Een Karsten staat zo en de camper ook dus al snel zaten we aan de Belsito-pizza&#8217;s.<\/p>\n\n\n\n<p>Wakker worden op &#8217;n plek met &#8217;n prachtig uitzicht over het Toscaanse landschap. Relaxte eerste dag: Remco&#8217;s ATB naar de fietsenmaker om de remmen van nieuwe remvloeistof te voorzien, eerste hoogtemeters op de racefiets ter voorbereiding op de Stelvio, later. Lekker zwemmen (er zijn 2 zwembaden op de camping) en lezen. <\/p>\n\n\n\n<p>Boodschappen aanvullen, chillen, het vakantiegevoel landt&#8230; lezen, spelletjes, slapen, schrijven, weer zwemmen. Prima!<\/p>\n\n\n<div class=\"wp-block-image\">\n<figure class=\"alignright is-resized\"><img decoding=\"async\" width=\"450\" height=\"800\" src=\"http:\/\/waarwiljewakkerworden.nl\/reisblog\/files\/2019\/08\/IMG_9241.jpg\" alt=\"\" class=\"wp-image-4903\" style=\"width:181px;height:322px\"\/><\/figure>\n<\/div>\n\n<div class=\"wp-block-image\">\n<figure class=\"alignleft is-resized\"><img decoding=\"async\" width=\"600\" height=\"760\" src=\"http:\/\/waarwiljewakkerworden.nl\/reisblog\/files\/2019\/08\/IMG_9282.jpg\" alt=\"\" class=\"wp-image-4905\" style=\"width:220px;height:277px\"\/><\/figure>\n<\/div>\n\n\n<p>Lopen naar Montecatini Alto, lekker klimmen, ja, alto is hoog in het Italiaans! Met de Funicolare (een rood kabelbaantreintje) naar beneden, Montecatini termen. Rondje door het park, met in het midden het termengebouw, heerlijk ijs (je moet er niet aan denken maar het was echt lekker: selderie-smaak!!) en dan weer terug en zwemmen!<\/p>\n\n\n\n<p>Elke avond wordt een Sequence-strijd uitgevochten tussen de dames en heren, elke ochtend een stevig aantal % op de racefiets klimmen.<\/p>\n\n\n<div class=\"wp-block-image\">\n<figure class=\"alignleft is-resized\"><img decoding=\"async\" width=\"800\" height=\"600\" src=\"http:\/\/waarwiljewakkerworden.nl\/reisblog\/files\/2019\/08\/IMG_9255.jpg\" alt=\"\" class=\"wp-image-4904\" style=\"width:282px;height:212px\" srcset=\"https:\/\/waarwiljewakkerworden.nl\/reisblog\/files\/2019\/08\/IMG_9255.jpg 800w, https:\/\/waarwiljewakkerworden.nl\/reisblog\/files\/2019\/08\/IMG_9255-768x576.jpg 768w, https:\/\/waarwiljewakkerworden.nl\/reisblog\/files\/2019\/08\/IMG_9255-676x507.jpg 676w\" sizes=\"(max-width: 800px) 100vw, 800px\" \/><\/figure>\n<\/div>\n\n\n<p>Bezoek aan Pistoia, inclusief een bezoek aan de kapper voor de mannen! Over markt gelopen en kleren gescoord. Natuurlijk een heerlijk ijsje gegeten.<\/p>\n\n\n<div class=\"wp-block-image\">\n<figure class=\"alignright is-resized\"><img decoding=\"async\" width=\"800\" height=\"450\" src=\"http:\/\/waarwiljewakkerworden.nl\/reisblog\/files\/2019\/08\/P0005119.jpg\" alt=\"\" class=\"wp-image-4895\" style=\"width:359px;height:201px\" srcset=\"https:\/\/waarwiljewakkerworden.nl\/reisblog\/files\/2019\/08\/P0005119.jpg 800w, https:\/\/waarwiljewakkerworden.nl\/reisblog\/files\/2019\/08\/P0005119-768x432.jpg 768w, https:\/\/waarwiljewakkerworden.nl\/reisblog\/files\/2019\/08\/P0005119-676x380.jpg 676w\" sizes=\"(max-width: 800px) 100vw, 800px\" \/><\/figure>\n<\/div>\n\n\n<p>Dan breekt hier alweer de laatste dag aan, het record &#8216;balletje overslaan&#8217; is M-R:16, M-J:14, M-OY:10 en M-OB:5. De sequence-stand is dan 6-0 voor OBR -OYJ. Via Decatlon voor (o.a.) waterbrilletjes en de COOP voor de koelkast gaan we verder door het prachtige Toscaanse landschap (&#8216;vermijden van de Autostrada&#8217;s op de navigatie gezet) en rond half 5 stoppen we bij Kursaal aan het meer van Trasimeno. Veel insecten, mooie plekken (bijna net zo mooi als in 2013). <\/p>\n\n\n\n<p><\/p>\n\n\n\n<p><strong>Umbri\u00eb, Passignano sul Trasimeno<\/strong><\/p>\n\n\n\n<p>Heerlijk, een camping met zwembad en badjuf&#8230; de kinderen konden er zelf naar toe en spelen de hele dag in het water. Vriendjes gevonden, spelen met de bal, onder water zwemmen, glijbaan, bommetje, de hele dag! Bezoek aan dorpje en aan kasteel.<\/p>\n\n\n\n<p>Rondje meer van Trasimeno is n\u00e9t geen 60 kilometer, halverwege koffie met het hele stel, er zijn twee ATB&#8217;s mee en het rondje is niet geschikt voor racefietsen&#8230; de ATB&#8217;s stopten bij hetzelfde terras van 6 jaar geleden.<\/p>\n\n\n\n<p>We hebben een bezoek gebracht aan Montepulciano. Weer even terug in Toscane! Het is een hoog gelegen plaatsje, een wijncentrum. Vroeger was het superbelangrijk, getuigen de vele palazzo&#8217;s en kerken. De toren beklommen en h\u00e9\u00e9l ver kunnen kijken, zelfs het Trasimenomeer was te zien. <\/p>\n\n\n<div class=\"wp-block-image\">\n<figure class=\"aligncenter is-resized\"><img decoding=\"async\" width=\"800\" height=\"600\" src=\"http:\/\/waarwiljewakkerworden.nl\/reisblog\/files\/2019\/08\/IMG_9368.jpg\" alt=\"\" class=\"wp-image-4922\" style=\"width:692px;height:520px\" srcset=\"https:\/\/waarwiljewakkerworden.nl\/reisblog\/files\/2019\/08\/IMG_9368.jpg 800w, https:\/\/waarwiljewakkerworden.nl\/reisblog\/files\/2019\/08\/IMG_9368-768x576.jpg 768w, https:\/\/waarwiljewakkerworden.nl\/reisblog\/files\/2019\/08\/IMG_9368-676x507.jpg 676w\" sizes=\"(max-width: 800px) 100vw, 800px\" \/><\/figure>\n<\/div>\n\n\n<p>&#8217;s Avonds met ons zessen gegeten in het restaurant van camping Kursaal. Heel gezellig. Na hun toetje konden we de jongens naar bed brengen een verder na-tafelen.<\/p>\n\n\n<div class=\"wp-block-image\">\n<figure class=\"alignright is-resized\"><img decoding=\"async\" width=\"800\" height=\"600\" src=\"http:\/\/waarwiljewakkerworden.nl\/reisblog\/files\/2019\/08\/IMG_9377.jpg\" alt=\"\" class=\"wp-image-4921\" style=\"width:314px;height:236px\" srcset=\"https:\/\/waarwiljewakkerworden.nl\/reisblog\/files\/2019\/08\/IMG_9377.jpg 800w, https:\/\/waarwiljewakkerworden.nl\/reisblog\/files\/2019\/08\/IMG_9377-768x576.jpg 768w, https:\/\/waarwiljewakkerworden.nl\/reisblog\/files\/2019\/08\/IMG_9377-676x507.jpg 676w\" sizes=\"(max-width: 800px) 100vw, 800px\" \/><\/figure>\n<\/div>\n\n\n<p>Dan breekt alweer de laatste dag op Kursaal aan. Gisteren was slecht weer voorspeld, regen, onweer&#8230; niks van dit alles en ook nu is het weer een stralende dag!<\/p>\n\n\n<div class=\"wp-block-image\">\n<figure class=\"alignleft is-resized\"><img decoding=\"async\" width=\"600\" height=\"800\" src=\"http:\/\/waarwiljewakkerworden.nl\/reisblog\/files\/2019\/08\/IMG_9322.jpg\" alt=\"\" class=\"wp-image-4919\" style=\"width:212px;height:283px\"\/><\/figure>\n<\/div>\n\n\n<p>Op de camping wordt af en toe wat voor de jeugd georganiseerd. Mats , hoewel jong, vindt dat fantastisch, sluipspelen over de camping, speuren en dat soort werk. Ook Vince doet af en toe mee. De laatste boodschappen gedaan, nog even een camping in de buurt bezocht (J&amp;R), een laatste ritje rond het meer (&#8217;training&#8217; voor de Stelvio??) . <\/p>\n\n\n\n<p>En aan het einde van de dag met de mannekes gaan vissen. W\u00e9l vissen gezien, maar happen, ho maar. Maar ja, vissen is afwachten, wachten, verwachten en nog een keer wachten&#8230;<\/p>\n\n\n<div class=\"wp-block-image\">\n<figure class=\"alignright is-resized\"><img decoding=\"async\" width=\"600\" height=\"800\" src=\"http:\/\/waarwiljewakkerworden.nl\/reisblog\/files\/2019\/08\/IMG_9342.jpg\" alt=\"\" class=\"wp-image-4920\" style=\"width:230px;height:305px\"\/><\/figure>\n<\/div>\n\n<div class=\"wp-block-image\">\n<figure class=\"alignleft is-resized\"><img decoding=\"async\" width=\"600\" height=\"800\" src=\"http:\/\/waarwiljewakkerworden.nl\/reisblog\/files\/2019\/08\/IMG_6116.jpg\" alt=\"\" class=\"wp-image-4917\" style=\"width:231px;height:308px\"\/><\/figure>\n<\/div>\n\n\n<p>Camping-eten?? Nee hoor, haute cuisine, dankzij de Omnia, een oventje in de vorm van een tulband, een quiche! Dan wordt het zaterdag 10 augustus, een warme dag! Heel vlot ons boeltje opgeruimd, iedereen gedoucht en t\u00f3ch op ons gemak ontbeten. Nog voor 10 uur op pad&#8230; der file in! Zaterdag 10 augustus is een zwarte zaterdag, we weten het inmiddels! Best wel laat kwamen we op S\u00e4gem\u00fchle aan. Bekend terrein en dus kamp maken en snel 6 eitjes met kaas bakken, heerlijk op brood! Morgen lijkt het de laatste mooie dag te worden, daarna zal het minder, zelfs slechter worden.<\/p>\n\n\n\n<p><\/p>\n\n\n\n<p><strong>Trentino, S\u00e4gem\u00fchle<\/strong><\/p>\n\n\n\n<p>Zondag, waarschijnlijk zou dit hier de mooiste dag worden, dus werd het de Stelvio-dag. 1 Fietser en de anderen ging een kasteel bezoeken, wat helaas op slot was dus gemotoriseerd de 48 haarspeldbochten van de Stelvio op.<\/p>\n\n\n<div class=\"wp-block-image\">\n<figure class=\"alignleft is-resized\"><img decoding=\"async\" width=\"800\" height=\"450\" src=\"http:\/\/waarwiljewakkerworden.nl\/reisblog\/files\/2019\/08\/DSC07414-2.jpg\" alt=\"\" class=\"wp-image-4942\" style=\"width:423px;height:238px\" srcset=\"https:\/\/waarwiljewakkerworden.nl\/reisblog\/files\/2019\/08\/DSC07414-2.jpg 800w, https:\/\/waarwiljewakkerworden.nl\/reisblog\/files\/2019\/08\/DSC07414-2-768x432.jpg 768w, https:\/\/waarwiljewakkerworden.nl\/reisblog\/files\/2019\/08\/DSC07414-2-676x380.jpg 676w\" sizes=\"(max-width: 800px) 100vw, 800px\" \/><\/figure>\n<\/div>\n\n<div class=\"wp-block-image\">\n<figure class=\"alignright is-resized\"><img decoding=\"async\" width=\"800\" height=\"450\" src=\"http:\/\/waarwiljewakkerworden.nl\/reisblog\/files\/2019\/08\/DSC07448-2.jpg\" alt=\"\" class=\"wp-image-4943\" style=\"width:399px;height:223px\" srcset=\"https:\/\/waarwiljewakkerworden.nl\/reisblog\/files\/2019\/08\/DSC07448-2.jpg 800w, https:\/\/waarwiljewakkerworden.nl\/reisblog\/files\/2019\/08\/DSC07448-2-768x432.jpg 768w, https:\/\/waarwiljewakkerworden.nl\/reisblog\/files\/2019\/08\/DSC07448-2-676x380.jpg 676w\" sizes=\"(max-width: 800px) 100vw, 800px\" \/><\/figure>\n<\/div>\n\n\n<p>Hoe toevallig: halverwege troffen we elkaar! Bert vol goede moed om verder te gaan, de anderen toe aan een koffie&#8230; Na de laatste  10 kilometer van de klim kon de Stelvio afgevinkt worden. Kussen, kusjes, &#8217;n nieuw fietsjack en een T-shirt als extra beloning.<\/p>\n\n\n\n<p>De volgende dag was S\u00f6lden (Italiaans: Solda) aan de beurt. 4 Jaar geleden was het al een prachtige onderneming met de (toen) kleine mannekes; stormachtig weer! Met de (volgens de folder) &#8216;Gr\u00f6sste luftseilbahn der Welt&#8217; naar boven. Veel bewolking, zodat we soms in de &#8216;mist&#8217; verdwenen als er een wolk over de bergen rolde. Nu de mannen groter zijn konden we een behoorlijk grote wandeling maken. Op een gegeven moment deed Vince zijn armen wijd en zei &#8220;nu krijg ik hoogtevrees&#8221; en hij deed geen stap meer&#8230;<\/p>\n\n\n<div class=\"wp-block-image\">\n<figure class=\"aligncenter\"><img decoding=\"async\" width=\"800\" height=\"450\" src=\"http:\/\/waarwiljewakkerworden.nl\/reisblog\/files\/2019\/08\/DSC07469-2.jpg\" alt=\"\" class=\"wp-image-4944\" srcset=\"https:\/\/waarwiljewakkerworden.nl\/reisblog\/files\/2019\/08\/DSC07469-2.jpg 800w, https:\/\/waarwiljewakkerworden.nl\/reisblog\/files\/2019\/08\/DSC07469-2-768x432.jpg 768w, https:\/\/waarwiljewakkerworden.nl\/reisblog\/files\/2019\/08\/DSC07469-2-676x380.jpg 676w\" sizes=\"(max-width: 800px) 100vw, 800px\" \/><\/figure>\n<\/div>\n\n\n<p>We gaven niet op,  nieuwe dag, nieuwe kansen: we gingen opnieuw proberen een kasteel te bezoeken. Dat lukte prima, een op kinderen afgestemde rondleiding en een prachtig kasteel. D\u00e1t zorgde ervoor dat de fantasie over ridders, geheime gangen, wapens en harnassen, later zijn weerslag vond in eindeloos veel tekeningen. &#8217;s Middags een fiets-crosstochtje (R&amp;J). Klinkt als simpel maar dat bleek een pittig rondje te zijn! Ook de jongens fietsen wat af, de hele camping over, voetbalveld, tunneltje onderdoor crossen. Het beviel ons allemaal hier zo goed, we tekenden nog een dag bij!<\/p>\n\n\n\n<p>En als beloning voor onze keuze: een stralende dag! De nachten werden wel steeds een beetje kouder, maar de zon warmt alles snel weer op.<\/p>\n\n\n<div class=\"wp-block-image\">\n<figure class=\"alignleft is-resized\"><img decoding=\"async\" width=\"800\" height=\"450\" src=\"http:\/\/waarwiljewakkerworden.nl\/reisblog\/files\/2019\/08\/fdd5e413-4da0-4385-a4f4-6384bf624156.jpg\" alt=\"\" class=\"wp-image-4947\" style=\"width:443px;height:249px\" srcset=\"https:\/\/waarwiljewakkerworden.nl\/reisblog\/files\/2019\/08\/fdd5e413-4da0-4385-a4f4-6384bf624156.jpg 800w, https:\/\/waarwiljewakkerworden.nl\/reisblog\/files\/2019\/08\/fdd5e413-4da0-4385-a4f4-6384bf624156-768x432.jpg 768w, https:\/\/waarwiljewakkerworden.nl\/reisblog\/files\/2019\/08\/fdd5e413-4da0-4385-a4f4-6384bf624156-676x380.jpg 676w\" sizes=\"(max-width: 800px) 100vw, 800px\" \/><\/figure>\n<\/div>\n\n\n<p>Het ATB-tochtje van gisteren werd nog eens overgedaan (B&amp;J). Halverwege, een soort van wondertje, kwamen zij Loes tegen! Hier, in Itali\u00eb, je tante \/ schoonzus tegenkomen&#8230; hoe is het mogelijk! Loes was met een vriendin in Zwitserland aan het wandelen&#8230; Besloten om een dag de trein te nemen en een fiets te huren om een Italiaanse fietsdagtocht te gaan maken.<\/p>\n\n\n\n<p><\/p>\n\n\n\n<p class=\"has-text-align-left\">De middag werd besteed aan een wandel\/klautertocht met zijn allen. De hoogte in, door een bos, in het dal uitkomen bij een waadplaats waar &#8220;heilzame krachten&#8217; hun werk schijnen te doen, waarschijnlijk een restant van de hier zo noodzakelijke irrigatiesystemen. Koud!!<\/p>\n\n\n<div class=\"wp-block-image\">\n<figure class=\"aligncenter is-resized\"><img decoding=\"async\" width=\"800\" height=\"450\" src=\"http:\/\/waarwiljewakkerworden.nl\/reisblog\/files\/2019\/08\/P0005281.jpg\" alt=\"\" class=\"wp-image-4958\" style=\"width:667px;height:375px\" srcset=\"https:\/\/waarwiljewakkerworden.nl\/reisblog\/files\/2019\/08\/P0005281.jpg 800w, https:\/\/waarwiljewakkerworden.nl\/reisblog\/files\/2019\/08\/P0005281-768x432.jpg 768w, https:\/\/waarwiljewakkerworden.nl\/reisblog\/files\/2019\/08\/P0005281-676x380.jpg 676w\" sizes=\"(max-width: 800px) 100vw, 800px\" \/><\/figure>\n<\/div>\n\n\n<p>Vertrekdag. Heerlijk als de tent droog ingepakt kan worden. De reis zal uit twee delen\/dagen bestaan. <\/p>\n\n\n<div class=\"wp-block-image\">\n<figure class=\"alignright\"><img decoding=\"async\" width=\"800\" height=\"450\" src=\"http:\/\/waarwiljewakkerworden.nl\/reisblog\/files\/2019\/08\/P0005293.jpg\" alt=\"\" class=\"wp-image-4949\" srcset=\"https:\/\/waarwiljewakkerworden.nl\/reisblog\/files\/2019\/08\/P0005293.jpg 800w, https:\/\/waarwiljewakkerworden.nl\/reisblog\/files\/2019\/08\/P0005293-768x432.jpg 768w, https:\/\/waarwiljewakkerworden.nl\/reisblog\/files\/2019\/08\/P0005293-676x380.jpg 676w\" sizes=\"(max-width: 800px) 100vw, 800px\" \/><\/figure>\n<\/div>\n\n\n<p>Via de Resia-pas naar Oostenrijk (prachtig!) en in Hemsbach aan de Wiesensee gestopt. Maar eerst: stau, stau en nog eens stau. Hoe komen we op tijd op de camping, sluitingstijd is 19:00 uur!! met minder dan een half uur op de klok over zijn we er gekomen!  Gelukkig hadden we voor twee dagen pasta gemaakt, dus het was aankomen, kamp maken en eten! Daarom was er nog even tijd om naar de &#8220;See&#8221; te kijken en op de klimtoestellen te spelen. Dat moet ook wel voor de mannen na een  hele dag in de auto\/camper te moeten zitten.<\/p>\n\n\n<div class=\"wp-block-image\">\n<figure class=\"aligncenter is-resized\"><img decoding=\"async\" width=\"800\" height=\"450\" src=\"http:\/\/waarwiljewakkerworden.nl\/reisblog\/files\/2019\/08\/P0005304.jpg\" alt=\"\" class=\"wp-image-4948\" style=\"width:779px;height:438px\" srcset=\"https:\/\/waarwiljewakkerworden.nl\/reisblog\/files\/2019\/08\/P0005304.jpg 800w, https:\/\/waarwiljewakkerworden.nl\/reisblog\/files\/2019\/08\/P0005304-768x432.jpg 768w, https:\/\/waarwiljewakkerworden.nl\/reisblog\/files\/2019\/08\/P0005304-676x380.jpg 676w\" sizes=\"(max-width: 800px) 100vw, 800px\" \/><\/figure>\n<\/div>\n\n\n<p>Morgen op ons gemak huiswaarts.<\/p>\n","protected":false},"excerpt":{"rendered":"<p>Weekblog&#8230; Voor 2019, komt er per trip-deel een blog. Dus de heenreis, plek nummer \u00e9\u00e9n, twee en zo voorts. Grote stappen, t\u00f3ch het hele verhaal! Dag 1 &#8211; Door Duitsland De eerste dag stond in het teken van rijden. Eerst maar eens een grote rit maken, we stoppen aan het einde van de dag in &hellip; <a href=\"https:\/\/waarwiljewakkerworden.nl\/reisblog\/2019-7-italie\/\" class=\"more-link\">Meer lezen over <span class=\"screen-reader-text\">2019 &#8211; 7: Itali\u00eb<\/span><\/a><\/p>\n","protected":false},"author":1,"featured_media":4934,"parent":0,"menu_order":0,"comment_status":"closed","ping_status":"closed","template":"","meta":{"footnotes":""},"class_list":["post-7194","page","type-page","status-publish","has-post-thumbnail","hentry"],"_links":{"self":[{"href":"https:\/\/waarwiljewakkerworden.nl\/reisblog\/wp-json\/wp\/v2\/pages\/7194","targetHints":{"allow":["GET"]}}],"collection":[{"href":"https:\/\/waarwiljewakkerworden.nl\/reisblog\/wp-json\/wp\/v2\/pages"}],"about":[{"href":"https:\/\/waarwiljewakkerworden.nl\/reisblog\/wp-json\/wp\/v2\/types\/page"}],"author":[{"embeddable":true,"href":"https:\/\/waarwiljewakkerworden.nl\/reisblog\/wp-json\/wp\/v2\/users\/1"}],"replies":[{"embeddable":true,"href":"https:\/\/waarwiljewakkerworden.nl\/reisblog\/wp-json\/wp\/v2\/comments?post=7194"}],"version-history":[{"count":4,"href":"https:\/\/waarwiljewakkerworden.nl\/reisblog\/wp-json\/wp\/v2\/pages\/7194\/revisions"}],"predecessor-version":[{"id":9822,"href":"https:\/\/waarwiljewakkerworden.nl\/reisblog\/wp-json\/wp\/v2\/pages\/7194\/revisions\/9822"}],"wp:featuredmedia":[{"embeddable":true,"href":"https:\/\/waarwiljewakkerworden.nl\/reisblog\/wp-json\/wp\/v2\/media\/4934"}],"wp:attachment":[{"href":"https:\/\/waarwiljewakkerworden.nl\/reisblog\/wp-json\/wp\/v2\/media?parent=7194"}],"curies":[{"name":"wp","href":"https:\/\/api.w.org\/{rel}","templated":true}]}}